{"id":147,"date":"2026-01-14T16:10:29","date_gmt":"2026-01-14T16:10:29","guid":{"rendered":"https:\/\/adp-aide-a-domicile.fr\/?page_id=147"},"modified":"2026-03-02T17:45:50","modified_gmt":"2026-03-02T17:45:50","slug":"aide-a-domicile-a-villefranche-de-laugarais","status":"publish","type":"page","link":"https:\/\/adp-aide-a-domicile.fr\/","title":{"rendered":"Aide \u00e0 domicile Villefranche de Laugarais"},"content":{"rendered":"\n<h2 class=\"wp-block-heading has-text-align-center has-accent-3-color has-text-color has-link-color wp-elements-439b9d52ff4f6318aaaaf67e9564cff5\" id=\"quisommenous\">Qui sommes-nous ?<\/h2>\n\n\n\n<p class=\"has-text-align-center has-accent-3-color has-text-color has-link-color wp-elements-a7a739cd12c69d6ef6fc7a9dda6519d4 wp-block-paragraph\">Nous sommes un regroupement de trois professionnels ind\u00e9pendants sp\u00e9cialis\u00e9s dans l\u2019<strong>aide \u00e0 domicile \u00e0 Villefranche-de-Lauragais<\/strong>. Nous acompagnons les particuliers au quotidien afin d\u2019am\u00e9liorer leur confort et leur qualit\u00e9 de vie \u00e0 domicile.<\/p>\n\n\n\n<p class=\"has-text-align-center has-accent-3-color has-text-color has-link-color wp-elements-a2a325ff91562b5d76f8cf31018c95ac wp-block-paragraph\">Gr\u00e2ce \u00e0 notre exp\u00e9rience dans le secteur des services \u00e0 la personne, nous proposons une <strong>aide \u00e0 domicile personnalis\u00e9e<\/strong>, adapt\u00e9e aux besoins de chacun : assistance aux personnes \u00e2g\u00e9es, accompagnement dans les gestes du quotidien et entretien du cadre de vie.<\/p>\n\n\n\n<div class=\"wp-block-columns is-layout-flex wp-container-core-columns-is-layout-794e3cfa wp-block-columns-is-layout-flex\">\n<div class=\"wp-block-column is-layout-flow wp-block-column-is-layout-flow\">\n<figure class=\"wp-block-image aligncenter size-medium\"><img loading=\"lazy\" decoding=\"async\" width=\"300\" height=\"300\" src=\"https:\/\/adp-aide-a-domicile.fr\/wp-content\/uploads\/2025\/12\/Illustration-annick-300x300.png\" alt=\"portrait illustr\u00e9 d'Annick aide \u00e0 domicile\" class=\"wp-image-70\" srcset=\"https:\/\/adp-aide-a-domicile.fr\/wp-content\/uploads\/2025\/12\/Illustration-annick-300x300.png 300w, https:\/\/adp-aide-a-domicile.fr\/wp-content\/uploads\/2025\/12\/Illustration-annick-150x150.png 150w, https:\/\/adp-aide-a-domicile.fr\/wp-content\/uploads\/2025\/12\/Illustration-annick.png 342w\" sizes=\"auto, (max-width: 300px) 100vw, 300px\" \/><\/figure>\n\n\n\n<p class=\"has-text-align-center has-accent-3-color has-text-color has-link-color has-x-large-font-size wp-elements-b9ac7dc5294b9e00fb4f56896a116509 wp-block-paragraph\"><strong>Annick<\/strong><\/p>\n<\/div>\n\n\n\n<div class=\"wp-block-column is-layout-flow wp-block-column-is-layout-flow\">\n<figure class=\"wp-block-image size-medium\"><img loading=\"lazy\" decoding=\"async\" width=\"300\" height=\"300\" src=\"https:\/\/adp-aide-a-domicile.fr\/wp-content\/uploads\/2026\/01\/illustration-Delphine-300x300.png\" alt=\"portrait illustr\u00e9 de Delphine aide \u00e0 domicile\" class=\"wp-image-163\" srcset=\"https:\/\/adp-aide-a-domicile.fr\/wp-content\/uploads\/2026\/01\/illustration-Delphine-300x300.png 300w, https:\/\/adp-aide-a-domicile.fr\/wp-content\/uploads\/2026\/01\/illustration-Delphine-150x150.png 150w, https:\/\/adp-aide-a-domicile.fr\/wp-content\/uploads\/2026\/01\/illustration-Delphine.png 628w\" sizes=\"auto, (max-width: 300px) 100vw, 300px\" \/><\/figure>\n\n\n\n<p class=\"has-text-align-center has-accent-3-color has-text-color has-link-color has-x-large-font-size wp-elements-1c2e6a0a24f28974555a9f0985bc4bb9 wp-block-paragraph\"><strong>Delphine<\/strong><\/p>\n<\/div>\n\n\n\n<div class=\"wp-block-column is-layout-flow wp-block-column-is-layout-flow\">\n<figure class=\"wp-block-image size-full\"><img loading=\"lazy\" decoding=\"async\" width=\"628\" height=\"628\" src=\"https:\/\/adp-aide-a-domicile.fr\/wp-content\/uploads\/2026\/01\/illustration-Patrick.png\" alt=\"portrait illustr\u00e9 de Patrick aide \u00e0 domicile\" class=\"wp-image-164\" srcset=\"https:\/\/adp-aide-a-domicile.fr\/wp-content\/uploads\/2026\/01\/illustration-Patrick.png 628w, https:\/\/adp-aide-a-domicile.fr\/wp-content\/uploads\/2026\/01\/illustration-Patrick-300x300.png 300w, https:\/\/adp-aide-a-domicile.fr\/wp-content\/uploads\/2026\/01\/illustration-Patrick-150x150.png 150w\" sizes=\"auto, (max-width: 628px) 100vw, 628px\" \/><\/figure>\n\n\n\n<p class=\"has-text-align-center has-accent-3-color has-text-color has-link-color has-x-large-font-size wp-elements-8819b012c5fdfabdbac0dbb01fc13bab wp-block-paragraph\"><strong>Patrick<\/strong><\/p>\n<\/div>\n<\/div>\n\n\n\n<div class=\"wp-block-group alignwide is-style-section-5 has-global-padding is-layout-constrained wp-block-group-is-layout-constrained has-background is-style-section-5--1\" style=\"margin-top:var(--wp--preset--spacing--70);margin-bottom:var(--wp--preset--spacing--70);padding-top:var(--wp--preset--spacing--70);padding-bottom:var(--wp--preset--spacing--70);background-image:url(&apos;https:\/\/adp-aide-a-domicile.fr\/wp-content\/uploads\/2026\/03\/image-valeur.jpg&apos;);background-size:cover;\">\n<h2 class=\"wp-block-heading has-text-align-center\" id=\"nosvaleurs\">Nos valeurs<\/h2>\n\n\n\n<p class=\"has-text-align-center wp-block-paragraph\">Notre action repose sur l\u2019\u00e9coute, le soutien moral et une pr\u00e9sence conviviale. Nous croyons que chaque personne m\u00e9rite un accompagnement personnalis\u00e9, adapt\u00e9 \u00e0 ses besoins et \u00e0 son rythme. Notre engagement humain et notre exp\u00e9rience, assurent un service personnalis\u00e9, bas\u00e9 sur la confiance et la proximit\u00e9.<\/p>\n<\/div>\n\n\n\n<div class=\"wp-block-group has-global-padding is-layout-constrained wp-block-group-is-layout-constrained\">\n<h2 class=\"wp-block-heading has-text-align-center has-accent-3-color has-text-color has-link-color wp-elements-06bb65455d2d36f4ccd7dc4c60b0a84f\" id=\"nosservices\">Nos services \u00e0 domicile<\/h2>\n\n\n\n<p class=\"has-text-align-center has-accent-3-color has-text-color has-link-color wp-elements-fcd4661d5bac9a5e21541d489f0d0668 wp-block-paragraph\">Nous proposons des services adapt\u00e9s pour faciliter la vie au quotidien et pr\u00e9server l\u2019autonomie :<\/p>\n\n\n\n<div class=\"wp-block-columns is-layout-flex wp-container-core-columns-is-layout-794e3cfa wp-block-columns-is-layout-flex\">\n<div class=\"wp-block-column is-style-default is-layout-flow wp-block-column-is-layout-flow\">\n<figure class=\"wp-block-image size-large\" style=\"margin-right:var(--wp--preset--spacing--40);margin-left:var(--wp--preset--spacing--40)\"><img loading=\"lazy\" decoding=\"async\" width=\"76\" height=\"101\" src=\"https:\/\/adp-aide-a-domicile.fr\/wp-content\/uploads\/2025\/12\/aides-a-lautonomie.svg\" alt=\"pictogramme d'une personne qui en aide une autre\" class=\"wp-image-39\"\/><\/figure>\n\n\n\n<p class=\"has-text-align-center has-accent-3-color has-text-color has-link-color has-large-font-size wp-elements-a351c4b20ff97631f5a9cf2e41bc5996 wp-block-paragraph\"><strong>Aides \u00e0 l\u2019autonomie<\/strong><\/p>\n\n\n\n<hr class=\"wp-block-separator has-text-color has-accent-1-color has-alpha-channel-opacity has-accent-1-background-color has-background lignerouge\" style=\"margin-top:var(--wp--preset--spacing--20);margin-bottom:var(--wp--preset--spacing--20)\"\/>\n\n\n\n<p class=\"has-text-align-center has-custom-css has-medium-font-size wp-custom-css-fee6fc75 wp-block-paragraph\">Hygi\u00e8ne (toilette)<br>Habillage<br>Lever et coucher<\/p>\n<\/div>\n\n\n\n<div class=\"wp-block-column is-layout-flow wp-block-column-is-layout-flow\">\n<figure class=\"wp-block-image size-large\"><img loading=\"lazy\" decoding=\"async\" width=\"128\" height=\"99\" src=\"https:\/\/adp-aide-a-domicile.fr\/wp-content\/uploads\/2025\/12\/aides-au-quotidien.svg\" alt=\"pictogramme cuisine\" class=\"wp-image-41\"\/><\/figure>\n\n\n\n<p class=\"has-text-align-center has-accent-3-color has-text-color has-link-color has-large-font-size wp-elements-ff411e20e8c69c5a98d06f0e8c6c75b5 wp-block-paragraph\"><strong><strong>Aides au quotidien<\/strong><\/strong><\/p>\n\n\n\n<hr class=\"wp-block-separator has-text-color has-accent-1-color has-alpha-channel-opacity has-accent-1-background-color has-background lignerouge\" style=\"margin-top:var(--wp--preset--spacing--20);margin-bottom:var(--wp--preset--spacing--20)\"\/>\n\n\n\n<p class=\"has-text-align-center has-custom-css has-medium-font-size wp-custom-css-5eeba03d wp-block-paragraph\">Courses accompagn\u00e9es ou non<br>Pr\u00e9paration des repas<br>Prise des repas<\/p>\n<\/div>\n\n\n\n<div class=\"wp-block-column is-layout-flow wp-block-column-is-layout-flow\">\n<figure class=\"wp-block-image size-large\" style=\"margin-top:var(--wp--preset--spacing--40);margin-bottom:var(--wp--preset--spacing--40)\"><img loading=\"lazy\" decoding=\"async\" width=\"123\" height=\"75\" src=\"https:\/\/adp-aide-a-domicile.fr\/wp-content\/uploads\/2025\/12\/aides-relationnels.svg\" alt=\"pictogramme transport\" class=\"wp-image-42\"\/><\/figure>\n\n\n\n<p class=\"has-text-align-center has-accent-3-color has-text-color has-link-color has-large-font-size wp-elements-9a2b817329fe370a0331ce82ebaa5379 wp-block-paragraph\"><strong><strong>Aides<\/strong><br><strong>relationnels<\/strong><\/strong><\/p>\n\n\n\n<hr class=\"wp-block-separator has-text-color has-accent-1-color has-alpha-channel-opacity has-accent-1-background-color has-background lignerouge\" style=\"margin-top:var(--wp--preset--spacing--20);margin-bottom:var(--wp--preset--spacing--20)\"\/>\n\n\n\n<p class=\"has-text-align-center has-custom-css has-medium-font-size wp-custom-css-f0048f9f wp-block-paragraph\">Promenade<br>Sortie<br>Rendez-vous m\u00e9dicaux<\/p>\n<\/div>\n\n\n\n<div class=\"wp-block-column is-layout-flow wp-block-column-is-layout-flow\">\n<figure class=\"wp-block-image size-large\" style=\"margin-right:var(--wp--preset--spacing--20);margin-left:var(--wp--preset--spacing--20)\"><img loading=\"lazy\" decoding=\"async\" width=\"95\" height=\"95\" src=\"https:\/\/adp-aide-a-domicile.fr\/wp-content\/uploads\/2025\/12\/aides-administrative.svg\" alt=\"pictogramme dune lettre et d'une enveloppe\" class=\"wp-image-40\" srcset=\"https:\/\/adp-aide-a-domicile.fr\/wp-content\/uploads\/2025\/12\/aides-administrative.svg 150w, https:\/\/adp-aide-a-domicile.fr\/wp-content\/uploads\/2025\/12\/aides-administrative.svg 300w, https:\/\/adp-aide-a-domicile.fr\/wp-content\/uploads\/2025\/12\/aides-administrative.svg 1024w, https:\/\/adp-aide-a-domicile.fr\/wp-content\/uploads\/2025\/12\/aides-administrative.svg 1536w, https:\/\/adp-aide-a-domicile.fr\/wp-content\/uploads\/2025\/12\/aides-administrative.svg 2048w, https:\/\/adp-aide-a-domicile.fr\/wp-content\/uploads\/2025\/12\/aides-administrative.svg 95w\" sizes=\"auto, (max-width: 95px) 100vw, 95px\" \/><\/figure>\n\n\n\n<p class=\"has-text-align-center has-accent-3-color has-text-color has-link-color has-large-font-size wp-elements-1d151b4f9ecbabdad8970c1b1b867167 wp-block-paragraph\"><strong><strong>Aides\u2028administratifs<\/strong><\/strong><\/p>\n\n\n\n<hr class=\"wp-block-separator has-text-color has-accent-1-color has-alpha-channel-opacity has-accent-1-background-color has-background is-style-default\" style=\"margin-top:var(--wp--preset--spacing--20);margin-bottom:var(--wp--preset--spacing--20)\"\/>\n\n\n\n<p class=\"has-text-align-center has-custom-css has-medium-font-size wp-custom-css-30fd71b6 wp-block-paragraph\">Toutes demandes administrative<br>R\u00e9daction de courrier<br>Prise de rendez-vous<\/p>\n<\/div>\n<\/div>\n<\/div>\n\n\n\n<hr class=\"wp-block-separator aligncenter has-text-color has-accent-1-color has-alpha-channel-opacity has-accent-1-background-color has-background is-style-wide is-style-wide--2\" style=\"margin-top:var(--wp--preset--spacing--60);margin-bottom:var(--wp--preset--spacing--60)\"\/>\n\n\n\n<div class=\"wp-block-group has-global-padding is-layout-constrained wp-block-group-is-layout-constrained\">\n<h2 class=\"wp-block-heading has-text-align-center has-accent-3-color has-text-color has-link-color wp-elements-0cc23349c4c15aa2ab52f4153406ae45\" id=\"notresecteurgeo\">Notre secteur g\u00e9ographique<\/h2>\n<\/div>\n\n\n\n<p class=\"has-text-align-center has-accent-3-color has-text-color has-link-color wp-elements-a966f05334c596a6b7eec30717305536 wp-block-paragraph\">Nous intervenons \u00e0 Villefranche de Lauragais et ses environs :<br>Nailloux, Gardouch, Montgeard, Seyre, Etc.<\/p>\n\n\n\n<div class=\"wp-block-gmap-gmap-block gmap-block-ozqbign4\"><iframe src=\"https:\/\/maps.google.com\/maps?q=Villefranche-de-Laugarais&amp;z=12&amp;t=p&amp;output=embed\" class=\"embd-map\" title=\"Villefranche-de-Laugarais\"><\/iframe><\/div>\n\n\n\n<p class=\"wp-block-paragraph\"><\/p>\n","protected":false},"excerpt":{"rendered":"<p>Qui sommes-nous ? Nous sommes un regroupement de trois professionnels ind\u00e9pendants sp\u00e9cialis\u00e9s dans l\u2019aide \u00e0 domicile \u00e0 Villefranche-de-Lauragais. Nous acompagnons les particuliers au quotidien afin d\u2019am\u00e9liorer leur confort et leur qualit\u00e9 de vie \u00e0 domicile. Gr\u00e2ce \u00e0 notre exp\u00e9rience dans le secteur des services \u00e0 la personne, nous proposons une aide \u00e0 domicile personnalis\u00e9e, adapt\u00e9e [&hellip;]<\/p>\n","protected":false},"author":1,"featured_media":0,"parent":0,"menu_order":0,"comment_status":"closed","ping_status":"closed","template":"","meta":{"_crdt_document":"","footnotes":""},"class_list":["post-147","page","type-page","status-publish","hentry"],"yoast_head":"<!-- This site is optimized with the Yoast SEO plugin v27.0 - https:\/\/yoast.com\/product\/yoast-seo-wordpress\/ -->\n<title>Aide \u00e0 domicile Villefranche de Laugarais - ADP-Aide \u00e0 Domicile<\/title>\n<meta name=\"description\" content=\"Profitez des services d&#039;aide \u00e0 domicile Nailloux pour vous ou vos proches, adapt\u00e9s \u00e0 chaque besoin sp\u00e9cifique.\" \/>\n<meta name=\"robots\" content=\"index, follow, max-snippet:-1, max-image-preview:large, max-video-preview:-1\" \/>\n<link rel=\"canonical\" href=\"https:\/\/adp-aide-a-domicile.fr\/\" \/>\n<meta property=\"og:locale\" content=\"fr_FR\" \/>\n<meta property=\"og:type\" content=\"article\" \/>\n<meta property=\"og:title\" content=\"Aide \u00e0 domicile Villefranche de Laugarais - ADP-Aide \u00e0 Domicile\" \/>\n<meta property=\"og:description\" content=\"Profitez des services d&#039;aide \u00e0 domicile Nailloux pour vous ou vos proches, adapt\u00e9s \u00e0 chaque besoin sp\u00e9cifique.\" \/>\n<meta property=\"og:url\" content=\"https:\/\/adp-aide-a-domicile.fr\/\" \/>\n<meta property=\"og:site_name\" content=\"ADP-Aide \u00e0 Domicile\" \/>\n<meta property=\"article:modified_time\" content=\"2026-03-02T17:45:50+00:00\" \/>\n<meta property=\"og:image\" content=\"https:\/\/adp-aide-a-domicile.fr\/wp-content\/uploads\/2025\/12\/Illustration-annick.png\" \/>\n\t<meta property=\"og:image:width\" content=\"342\" \/>\n\t<meta property=\"og:image:height\" content=\"342\" \/>\n\t<meta property=\"og:image:type\" content=\"image\/png\" \/>\n<meta name=\"twitter:card\" content=\"summary_large_image\" \/>\n<meta name=\"twitter:label1\" content=\"Dur\u00e9e de lecture estim\u00e9e\" \/>\n\t<meta name=\"twitter:data1\" content=\"3 minutes\" \/>\n<script type=\"application\/ld+json\" class=\"yoast-schema-graph\">{\"@context\":\"https:\/\/schema.org\",\"@graph\":[{\"@type\":\"WebPage\",\"@id\":\"https:\/\/adp-aide-a-domicile.fr\/\",\"url\":\"https:\/\/adp-aide-a-domicile.fr\/\",\"name\":\"Aide \u00e0 domicile Villefranche de Laugarais - ADP-Aide \u00e0 Domicile\",\"isPartOf\":{\"@id\":\"https:\/\/adp-aide-a-domicile.fr\/#website\"},\"primaryImageOfPage\":{\"@id\":\"https:\/\/adp-aide-a-domicile.fr\/#primaryimage\"},\"image\":{\"@id\":\"https:\/\/adp-aide-a-domicile.fr\/#primaryimage\"},\"thumbnailUrl\":\"https:\/\/adp-aide-a-domicile.fr\/wp-content\/uploads\/2025\/12\/Illustration-annick-300x300.png\",\"datePublished\":\"2026-01-14T16:10:29+00:00\",\"dateModified\":\"2026-03-02T17:45:50+00:00\",\"description\":\"Profitez des services d'aide \u00e0 domicile Nailloux pour vous ou vos proches, adapt\u00e9s \u00e0 chaque besoin sp\u00e9cifique.\",\"breadcrumb\":{\"@id\":\"https:\/\/adp-aide-a-domicile.fr\/#breadcrumb\"},\"inLanguage\":\"fr-FR\",\"potentialAction\":[{\"@type\":\"ReadAction\",\"target\":[\"https:\/\/adp-aide-a-domicile.fr\/\"]}]},{\"@type\":\"ImageObject\",\"inLanguage\":\"fr-FR\",\"@id\":\"https:\/\/adp-aide-a-domicile.fr\/#primaryimage\",\"url\":\"https:\/\/adp-aide-a-domicile.fr\/wp-content\/uploads\/2025\/12\/Illustration-annick.png\",\"contentUrl\":\"https:\/\/adp-aide-a-domicile.fr\/wp-content\/uploads\/2025\/12\/Illustration-annick.png\",\"width\":342,\"height\":342,\"caption\":\"portrait illustr\u00e9 d'Annick aide \u00e0 domicile\"},{\"@type\":\"BreadcrumbList\",\"@id\":\"https:\/\/adp-aide-a-domicile.fr\/#breadcrumb\",\"itemListElement\":[{\"@type\":\"ListItem\",\"position\":1,\"name\":\"Accueil\",\"item\":\"https:\/\/adp-aide-a-domicile.fr\/\"},{\"@type\":\"ListItem\",\"position\":2,\"name\":\"Aide \u00e0 domicile Villefranche de Laugarais\"}]},{\"@type\":\"WebSite\",\"@id\":\"https:\/\/adp-aide-a-domicile.fr\/#website\",\"url\":\"https:\/\/adp-aide-a-domicile.fr\/\",\"name\":\"ADP-Aide \u00e0 Domicile\",\"description\":\"Aide \u00e0 l&#039;autonomie - Portage de repas - Aide m\u00e9nag\u00e8re\",\"publisher\":{\"@id\":\"https:\/\/adp-aide-a-domicile.fr\/#organization\"},\"alternateName\":\"Aide a domicile Villefranche de Laugarais\",\"potentialAction\":[{\"@type\":\"SearchAction\",\"target\":{\"@type\":\"EntryPoint\",\"urlTemplate\":\"https:\/\/adp-aide-a-domicile.fr\/?s={search_term_string}\"},\"query-input\":{\"@type\":\"PropertyValueSpecification\",\"valueRequired\":true,\"valueName\":\"search_term_string\"}}],\"inLanguage\":\"fr-FR\"},{\"@type\":\"Organization\",\"@id\":\"https:\/\/adp-aide-a-domicile.fr\/#organization\",\"name\":\"APD aide a domicile\",\"alternateName\":\"aide a domicile Villefranche De Laugarais\",\"url\":\"https:\/\/adp-aide-a-domicile.fr\/\",\"logo\":{\"@type\":\"ImageObject\",\"inLanguage\":\"fr-FR\",\"@id\":\"https:\/\/adp-aide-a-domicile.fr\/#\/schema\/logo\/image\/\",\"url\":\"https:\/\/adp-aide-a-domicile.fr\/wp-content\/uploads\/2026\/02\/logo-adp-aide-a-domicile.jpg\",\"contentUrl\":\"https:\/\/adp-aide-a-domicile.fr\/wp-content\/uploads\/2026\/02\/logo-adp-aide-a-domicile.jpg\",\"width\":696,\"height\":696,\"caption\":\"APD aide a domicile\"},\"image\":{\"@id\":\"https:\/\/adp-aide-a-domicile.fr\/#\/schema\/logo\/image\/\"}}]}<\/script>\n<!-- \/ Yoast SEO plugin. -->","yoast_head_json":{"title":"Aide \u00e0 domicile Villefranche de Laugarais - ADP-Aide \u00e0 Domicile","description":"Profitez des services d'aide \u00e0 domicile Nailloux pour vous ou vos proches, adapt\u00e9s \u00e0 chaque besoin sp\u00e9cifique.","robots":{"index":"index","follow":"follow","max-snippet":"max-snippet:-1","max-image-preview":"max-image-preview:large","max-video-preview":"max-video-preview:-1"},"canonical":"https:\/\/adp-aide-a-domicile.fr\/","og_locale":"fr_FR","og_type":"article","og_title":"Aide \u00e0 domicile Villefranche de Laugarais - ADP-Aide \u00e0 Domicile","og_description":"Profitez des services d'aide \u00e0 domicile Nailloux pour vous ou vos proches, adapt\u00e9s \u00e0 chaque besoin sp\u00e9cifique.","og_url":"https:\/\/adp-aide-a-domicile.fr\/","og_site_name":"ADP-Aide \u00e0 Domicile","article_modified_time":"2026-03-02T17:45:50+00:00","og_image":[{"width":342,"height":342,"url":"https:\/\/adp-aide-a-domicile.fr\/wp-content\/uploads\/2025\/12\/Illustration-annick.png","type":"image\/png"}],"twitter_card":"summary_large_image","twitter_misc":{"Dur\u00e9e de lecture estim\u00e9e":"3 minutes"},"schema":{"@context":"https:\/\/schema.org","@graph":[{"@type":"WebPage","@id":"https:\/\/adp-aide-a-domicile.fr\/","url":"https:\/\/adp-aide-a-domicile.fr\/","name":"Aide \u00e0 domicile Villefranche de Laugarais - ADP-Aide \u00e0 Domicile","isPartOf":{"@id":"https:\/\/adp-aide-a-domicile.fr\/#website"},"primaryImageOfPage":{"@id":"https:\/\/adp-aide-a-domicile.fr\/#primaryimage"},"image":{"@id":"https:\/\/adp-aide-a-domicile.fr\/#primaryimage"},"thumbnailUrl":"https:\/\/adp-aide-a-domicile.fr\/wp-content\/uploads\/2025\/12\/Illustration-annick-300x300.png","datePublished":"2026-01-14T16:10:29+00:00","dateModified":"2026-03-02T17:45:50+00:00","description":"Profitez des services d'aide \u00e0 domicile Nailloux pour vous ou vos proches, adapt\u00e9s \u00e0 chaque besoin sp\u00e9cifique.","breadcrumb":{"@id":"https:\/\/adp-aide-a-domicile.fr\/#breadcrumb"},"inLanguage":"fr-FR","potentialAction":[{"@type":"ReadAction","target":["https:\/\/adp-aide-a-domicile.fr\/"]}]},{"@type":"ImageObject","inLanguage":"fr-FR","@id":"https:\/\/adp-aide-a-domicile.fr\/#primaryimage","url":"https:\/\/adp-aide-a-domicile.fr\/wp-content\/uploads\/2025\/12\/Illustration-annick.png","contentUrl":"https:\/\/adp-aide-a-domicile.fr\/wp-content\/uploads\/2025\/12\/Illustration-annick.png","width":342,"height":342,"caption":"portrait illustr\u00e9 d'Annick aide \u00e0 domicile"},{"@type":"BreadcrumbList","@id":"https:\/\/adp-aide-a-domicile.fr\/#breadcrumb","itemListElement":[{"@type":"ListItem","position":1,"name":"Accueil","item":"https:\/\/adp-aide-a-domicile.fr\/"},{"@type":"ListItem","position":2,"name":"Aide \u00e0 domicile Villefranche de Laugarais"}]},{"@type":"WebSite","@id":"https:\/\/adp-aide-a-domicile.fr\/#website","url":"https:\/\/adp-aide-a-domicile.fr\/","name":"ADP-Aide \u00e0 Domicile","description":"Aide \u00e0 l&#039;autonomie - Portage de repas - Aide m\u00e9nag\u00e8re","publisher":{"@id":"https:\/\/adp-aide-a-domicile.fr\/#organization"},"alternateName":"Aide a domicile Villefranche de Laugarais","potentialAction":[{"@type":"SearchAction","target":{"@type":"EntryPoint","urlTemplate":"https:\/\/adp-aide-a-domicile.fr\/?s={search_term_string}"},"query-input":{"@type":"PropertyValueSpecification","valueRequired":true,"valueName":"search_term_string"}}],"inLanguage":"fr-FR"},{"@type":"Organization","@id":"https:\/\/adp-aide-a-domicile.fr\/#organization","name":"APD aide a domicile","alternateName":"aide a domicile Villefranche De Laugarais","url":"https:\/\/adp-aide-a-domicile.fr\/","logo":{"@type":"ImageObject","inLanguage":"fr-FR","@id":"https:\/\/adp-aide-a-domicile.fr\/#\/schema\/logo\/image\/","url":"https:\/\/adp-aide-a-domicile.fr\/wp-content\/uploads\/2026\/02\/logo-adp-aide-a-domicile.jpg","contentUrl":"https:\/\/adp-aide-a-domicile.fr\/wp-content\/uploads\/2026\/02\/logo-adp-aide-a-domicile.jpg","width":696,"height":696,"caption":"APD aide a domicile"},"image":{"@id":"https:\/\/adp-aide-a-domicile.fr\/#\/schema\/logo\/image\/"}}]}},"_links":{"self":[{"href":"https:\/\/adp-aide-a-domicile.fr\/index.php\/wp-json\/wp\/v2\/pages\/147","targetHints":{"allow":["GET"]}}],"collection":[{"href":"https:\/\/adp-aide-a-domicile.fr\/index.php\/wp-json\/wp\/v2\/pages"}],"about":[{"href":"https:\/\/adp-aide-a-domicile.fr\/index.php\/wp-json\/wp\/v2\/types\/page"}],"author":[{"embeddable":true,"href":"https:\/\/adp-aide-a-domicile.fr\/index.php\/wp-json\/wp\/v2\/users\/1"}],"replies":[{"embeddable":true,"href":"https:\/\/adp-aide-a-domicile.fr\/index.php\/wp-json\/wp\/v2\/comments?post=147"}],"version-history":[{"count":21,"href":"https:\/\/adp-aide-a-domicile.fr\/index.php\/wp-json\/wp\/v2\/pages\/147\/revisions"}],"predecessor-version":[{"id":207,"href":"https:\/\/adp-aide-a-domicile.fr\/index.php\/wp-json\/wp\/v2\/pages\/147\/revisions\/207"}],"wp:attachment":[{"href":"https:\/\/adp-aide-a-domicile.fr\/index.php\/wp-json\/wp\/v2\/media?parent=147"}],"curies":[{"name":"wp","href":"https:\/\/api.w.org\/{rel}","templated":true}]}}